{"id":6,"date":"2024-05-04T11:42:55","date_gmt":"2024-05-04T11:42:55","guid":{"rendered":"https:\/\/fh-meisterbetrieb.de\/?page_id=6"},"modified":"2024-06-05T08:58:53","modified_gmt":"2024-06-05T08:58:53","slug":"home","status":"publish","type":"page","link":"https:\/\/fh-meisterbetrieb.de\/","title":{"rendered":"Home"},"content":{"rendered":"\t\t<div data-elementor-type=\"wp-page\" data-elementor-id=\"6\" class=\"elementor elementor-6\">\n\t\t\t\t<div class=\"elementor-element elementor-element-c8bdce4 e-flex e-con-boxed e-con e-parent\" data-id=\"c8bdce4\" data-element_type=\"container\" data-settings=\"{&quot;background_background&quot;:&quot;slideshow&quot;,&quot;background_slideshow_gallery&quot;:[{&quot;id&quot;:33,&quot;url&quot;:&quot;https:\\\/\\\/fh-meisterbetrieb.de\\\/wp-content\\\/uploads\\\/2024\\\/05\\\/Trockenbau-scaled-1.webp&quot;},{&quot;id&quot;:109,&quot;url&quot;:&quot;https:\\\/\\\/fh-meisterbetrieb.de\\\/wp-content\\\/uploads\\\/2024\\\/05\\\/trockenbau2.png&quot;},{&quot;id&quot;:429,&quot;url&quot;:&quot;https:\\\/\\\/fh-meisterbetrieb.de\\\/wp-content\\\/uploads\\\/2024\\\/05\\\/WhatsApp-Image-2024-05-20-at-15.29.15.jpeg&quot;},{&quot;id&quot;:433,&quot;url&quot;:&quot;https:\\\/\\\/fh-meisterbetrieb.de\\\/wp-content\\\/uploads\\\/2024\\\/05\\\/Header-Fassade-verputzen-web-wide.webp&quot;}],&quot;background_slideshow_slide_transition&quot;:&quot;slide_left&quot;,&quot;background_slideshow_loop&quot;:&quot;yes&quot;,&quot;background_slideshow_slide_duration&quot;:5000,&quot;background_slideshow_transition_duration&quot;:500}\">\n\t\t\t\t\t<div class=\"e-con-inner\">\n\t\t\t\t\t<\/div>\n\t\t\t\t<\/div>\n\t\t<div class=\"elementor-element elementor-element-2b2b379 e-flex e-con-boxed e-con e-parent\" data-id=\"2b2b379\" data-element_type=\"container\">\n\t\t\t\t\t<div class=\"e-con-inner\">\n\t\t\t\t<div class=\"elementor-element elementor-element-4fe4a7e elementor-widget elementor-widget-spacer\" data-id=\"4fe4a7e\" data-element_type=\"widget\" data-widget_type=\"spacer.default\">\n\t\t\t\t<div class=\"elementor-widget-container\">\n\t\t\t\t\t\t\t<div class=\"elementor-spacer\">\n\t\t\t<div class=\"elementor-spacer-inner\"><\/div>\n\t\t<\/div>\n\t\t\t\t\t\t<\/div>\n\t\t\t\t<\/div>\n\t\t\t\t\t<\/div>\n\t\t\t\t<\/div>\n\t\t<div class=\"elementor-element elementor-element-c2f5370 e-flex e-con-boxed e-con e-parent\" data-id=\"c2f5370\" data-element_type=\"container\">\n\t\t\t\t\t<div class=\"e-con-inner\">\n\t\t<div class=\"elementor-element elementor-element-e52551b e-flex e-con-boxed e-con e-child\" data-id=\"e52551b\" data-element_type=\"container\">\n\t\t\t\t\t<div class=\"e-con-inner\">\n\t\t\t\t<div class=\"elementor-element elementor-element-bf47ffa elementor-widget elementor-widget-heading\" data-id=\"bf47ffa\" data-element_type=\"widget\" data-widget_type=\"heading.default\">\n\t\t\t\t<div class=\"elementor-widget-container\">\n\t\t\t\t\t<h2 class=\"elementor-heading-title elementor-size-default\">Willkommen bei FH-Meisterbetrieb<\/h2>\t\t\t\t<\/div>\n\t\t\t\t<\/div>\n\t\t\t\t\t<\/div>\n\t\t\t\t<\/div>\n\t\t\t\t\t<\/div>\n\t\t\t\t<\/div>\n\t\t<div class=\"elementor-element elementor-element-b3d9108 e-flex e-con-boxed e-con e-parent\" data-id=\"b3d9108\" data-element_type=\"container\">\n\t\t\t\t\t<div class=\"e-con-inner\">\n\t\t\t\t<div class=\"elementor-element elementor-element-cd97084 elementor-widget elementor-widget-text-editor\" data-id=\"cd97084\" data-element_type=\"widget\" data-widget_type=\"text-editor.default\">\n\t\t\t\t<div class=\"elementor-widget-container\">\n\t\t\t\t\t\t\t\t\t<div class=\"flex-shrink-0 flex flex-col relative items-end\"><div><div class=\"h-6 w-6\"><strong>FH-Meisterbetrieb ist Ihr kompetenter Partner f\u00fcr handwerkliche Leistungen im Raum Augsburg und M\u00fcnchen.<\/strong><\/div><\/div><\/div><div class=\"relative flex w-full min-w-0 flex-col agent-turn\"><div class=\"flex-col gap-1 md:gap-3\"><div class=\"flex flex-grow flex-col max-w-full\"><div class=\"min-h-[20px] text-message flex flex-col items-start whitespace-pre-wrap break-words [.text-message+&amp;]:mt-5 overflow-x-auto gap-3\" dir=\"auto\" data-message-author-role=\"assistant\" data-message-id=\"e6c2aece-efa3-40fd-b200-0bd1fcc37826\"><div class=\"markdown prose w-full break-words dark:prose-invert light\"><p><strong>Unser qualifiziertes Team f\u00fchrt Ihre Auftr\u00e4ge fachgerecht durch. Wir stehen f\u00fcr h\u00f6chste Qualit\u00e4t und Kundenzufriedenheit. <\/strong><strong>Nehmen Sie Kontakt auf \u2013 wir erstellen Ihnen gerne ein individuelles Angebot.<\/strong><\/p><p><strong>FH-Meisterbetrieb \u2013 schnell, verl\u00e4sslich, preiswert. <\/strong><\/p><p><strong>Wir vereinen klassisches Handwerk mit Modernen Anforderungen.<\/strong><\/p><\/div><\/div><\/div><\/div><\/div>\t\t\t\t\t\t\t\t<\/div>\n\t\t\t\t<\/div>\n\t\t\t\t\t<\/div>\n\t\t\t\t<\/div>\n\t\t<div class=\"elementor-element elementor-element-fba425f e-flex e-con-boxed e-con e-parent\" data-id=\"fba425f\" data-element_type=\"container\">\n\t\t\t\t\t<div class=\"e-con-inner\">\n\t\t\t\t<div class=\"elementor-element elementor-element-843e540 elementor-widget elementor-widget-spacer\" data-id=\"843e540\" data-element_type=\"widget\" data-widget_type=\"spacer.default\">\n\t\t\t\t<div class=\"elementor-widget-container\">\n\t\t\t\t\t\t\t<div class=\"elementor-spacer\">\n\t\t\t<div class=\"elementor-spacer-inner\"><\/div>\n\t\t<\/div>\n\t\t\t\t\t\t<\/div>\n\t\t\t\t<\/div>\n\t\t\t\t\t<\/div>\n\t\t\t\t<\/div>\n\t\t<div class=\"elementor-element elementor-element-c421890 e-flex e-con-boxed e-con e-parent\" data-id=\"c421890\" data-element_type=\"container\">\n\t\t\t\t\t<div class=\"e-con-inner\">\n\t\t<div class=\"elementor-element elementor-element-5203d03 e-con-full e-flex e-con e-child\" data-id=\"5203d03\" data-element_type=\"container\" data-settings=\"{&quot;background_background&quot;:&quot;classic&quot;,&quot;animation_mobile&quot;:&quot;none&quot;}\">\n\t\t\t\t<\/div>\n\t\t<div class=\"elementor-element elementor-element-6cfd5bf e-con-full e-flex e-con e-child\" data-id=\"6cfd5bf\" data-element_type=\"container\">\n\t\t<div class=\"elementor-element elementor-element-0066007 e-flex e-con-boxed e-con e-child\" data-id=\"0066007\" data-element_type=\"container\">\n\t\t\t\t\t<div class=\"e-con-inner\">\n\t\t\t\t<div class=\"elementor-element elementor-element-ca70a69 elementor-widget elementor-widget-heading\" data-id=\"ca70a69\" data-element_type=\"widget\" data-widget_type=\"heading.default\">\n\t\t\t\t<div class=\"elementor-widget-container\">\n\t\t\t\t\t<h2 class=\"elementor-heading-title elementor-size-default\">W\u00e4rmed\u00e4mmverbundsystem<\/h2>\t\t\t\t<\/div>\n\t\t\t\t<\/div>\n\t\t\t\t\t<\/div>\n\t\t\t\t<\/div>\n\t\t<div class=\"elementor-element elementor-element-a144419 e-flex e-con-boxed e-con e-child\" data-id=\"a144419\" data-element_type=\"container\">\n\t\t\t\t\t<div class=\"e-con-inner\">\n\t\t\t\t<div class=\"elementor-element elementor-element-5325ae4 elementor-widget elementor-widget-text-editor\" data-id=\"5325ae4\" data-element_type=\"widget\" data-widget_type=\"text-editor.default\">\n\t\t\t\t<div class=\"elementor-widget-container\">\n\t\t\t\t\t\t\t\t\t<p>Bringen Sie mit unseren Vollw\u00e4rmeschutz Energieeffizienz und Stil in Ihr Zuhause. Der FH-Meisterbetrieb nutzt bew\u00e4hrte Handwerkstechniken, um Ihre Fassaden nicht nur zu versch\u00f6nern, sondern auch nachhaltig zu isolieren. Profitieren Sie von der langlebigen und \u00e4sthetisch ansprechenden Verkleidung, die zu jedem Geb\u00e4ude passt.<\/p>\t\t\t\t\t\t\t\t<\/div>\n\t\t\t\t<\/div>\n\t\t\t\t\t<\/div>\n\t\t\t\t<\/div>\n\t\t\t\t<\/div>\n\t\t\t\t\t<\/div>\n\t\t\t\t<\/div>\n\t\t<div class=\"elementor-element elementor-element-8e0da5c e-flex e-con-boxed e-con e-parent\" data-id=\"8e0da5c\" data-element_type=\"container\">\n\t\t\t\t\t<div class=\"e-con-inner\">\n\t\t\t\t<div class=\"elementor-element elementor-element-65b69bb elementor-widget elementor-widget-spacer\" data-id=\"65b69bb\" data-element_type=\"widget\" data-widget_type=\"spacer.default\">\n\t\t\t\t<div class=\"elementor-widget-container\">\n\t\t\t\t\t\t\t<div class=\"elementor-spacer\">\n\t\t\t<div class=\"elementor-spacer-inner\"><\/div>\n\t\t<\/div>\n\t\t\t\t\t\t<\/div>\n\t\t\t\t<\/div>\n\t\t\t\t\t<\/div>\n\t\t\t\t<\/div>\n\t\t<div class=\"elementor-element elementor-element-c69b5f8 e-flex e-con-boxed e-con e-parent\" data-id=\"c69b5f8\" data-element_type=\"container\">\n\t\t\t\t\t<div class=\"e-con-inner\">\n\t\t<div class=\"elementor-element elementor-element-804606f e-con-full e-flex e-con e-child\" data-id=\"804606f\" data-element_type=\"container\" data-settings=\"{&quot;background_background&quot;:&quot;classic&quot;}\">\n\t\t\t\t<\/div>\n\t\t<div class=\"elementor-element elementor-element-2aba3cd e-con-full e-flex e-con e-child\" data-id=\"2aba3cd\" data-element_type=\"container\">\n\t\t<div class=\"elementor-element elementor-element-5d502be e-flex e-con-boxed e-con e-child\" data-id=\"5d502be\" data-element_type=\"container\">\n\t\t\t\t\t<div class=\"e-con-inner\">\n\t\t\t\t<div class=\"elementor-element elementor-element-891a004 elementor-widget elementor-widget-heading\" data-id=\"891a004\" data-element_type=\"widget\" data-widget_type=\"heading.default\">\n\t\t\t\t<div class=\"elementor-widget-container\">\n\t\t\t\t\t<h2 class=\"elementor-heading-title elementor-size-default\">Innen &amp; Au\u00dfenputz<\/h2>\t\t\t\t<\/div>\n\t\t\t\t<\/div>\n\t\t\t\t\t<\/div>\n\t\t\t\t<\/div>\n\t\t<div class=\"elementor-element elementor-element-33599e8 e-flex e-con-boxed e-con e-child\" data-id=\"33599e8\" data-element_type=\"container\">\n\t\t\t\t\t<div class=\"e-con-inner\">\n\t\t\t\t<div class=\"elementor-element elementor-element-f288405 elementor-widget elementor-widget-text-editor\" data-id=\"f288405\" data-element_type=\"widget\" data-widget_type=\"text-editor.default\">\n\t\t\t\t<div class=\"elementor-widget-container\">\n\t\t\t\t\t\t\t\t\t<p>Brauchen Sie makellosen Innen- und Au\u00dfenputz f\u00fcr Ihr Zuhause oder B\u00fcro? Unser erfahrenes Team bietet professionelle Verputzarbeiten, die Ihr Geb\u00e4ude in neuem Glanz erstrahlen lassen. Treten Sie mit uns in Kontakt und lassen Sie sich von unseren Experten beraten und \u00fcberzeugen.\u00a0<\/p>\t\t\t\t\t\t\t\t<\/div>\n\t\t\t\t<\/div>\n\t\t\t\t\t<\/div>\n\t\t\t\t<\/div>\n\t\t\t\t<\/div>\n\t\t\t\t\t<\/div>\n\t\t\t\t<\/div>\n\t\t\t\t<\/div>\n\t\t","protected":false},"excerpt":{"rendered":"<p>Willkommen bei FH-Meisterbetrieb FH-Meisterbetrieb ist Ihr kompetenter Partner f\u00fcr handwerkliche Leistungen im Raum Augsburg und M\u00fcnchen. Unser qualifiziertes Team f\u00fchrt Ihre Auftr\u00e4ge fachgerecht durch. Wir stehen f\u00fcr h\u00f6chste Qualit\u00e4t und Kundenzufriedenheit. Nehmen Sie Kontakt auf \u2013 wir erstellen Ihnen gerne ein individuelles Angebot. FH-Meisterbetrieb \u2013 schnell, verl\u00e4sslich, preiswert. Wir vereinen klassisches Handwerk mit Modernen Anforderungen. [&hellip;]<\/p>\n","protected":false},"author":1,"featured_media":0,"parent":0,"menu_order":0,"comment_status":"closed","ping_status":"closed","template":"","meta":{"ocean_post_layout":"full-screen","ocean_both_sidebars_style":"","ocean_both_sidebars_content_width":0,"ocean_both_sidebars_sidebars_width":0,"ocean_sidebar":"","ocean_second_sidebar":"","ocean_disable_margins":"enable","ocean_add_body_class":"","ocean_shortcode_before_top_bar":"","ocean_shortcode_after_top_bar":"","ocean_shortcode_before_header":"","ocean_shortcode_after_header":"","ocean_has_shortcode":"","ocean_shortcode_after_title":"","ocean_shortcode_before_footer_widgets":"","ocean_shortcode_after_footer_widgets":"","ocean_shortcode_before_footer_bottom":"","ocean_shortcode_after_footer_bottom":"","ocean_display_top_bar":"off","ocean_display_header":"default","ocean_header_style":"","ocean_center_header_left_menu":"","ocean_custom_header_template":"","ocean_custom_logo":0,"ocean_custom_retina_logo":0,"ocean_custom_logo_max_width":0,"ocean_custom_logo_tablet_max_width":0,"ocean_custom_logo_mobile_max_width":0,"ocean_custom_logo_max_height":0,"ocean_custom_logo_tablet_max_height":0,"ocean_custom_logo_mobile_max_height":0,"ocean_header_custom_menu":"","ocean_menu_typo_font_family":"","ocean_menu_typo_font_subset":"","ocean_menu_typo_font_size":0,"ocean_menu_typo_font_size_tablet":0,"ocean_menu_typo_font_size_mobile":0,"ocean_menu_typo_font_size_unit":"px","ocean_menu_typo_font_weight":"","ocean_menu_typo_font_weight_tablet":"","ocean_menu_typo_font_weight_mobile":"","ocean_menu_typo_transform":"","ocean_menu_typo_transform_tablet":"","ocean_menu_typo_transform_mobile":"","ocean_menu_typo_line_height":0,"ocean_menu_typo_line_height_tablet":0,"ocean_menu_typo_line_height_mobile":0,"ocean_menu_typo_line_height_unit":"","ocean_menu_typo_spacing":0,"ocean_menu_typo_spacing_tablet":0,"ocean_menu_typo_spacing_mobile":0,"ocean_menu_typo_spacing_unit":"","ocean_menu_link_color":"","ocean_menu_link_color_hover":"","ocean_menu_link_color_active":"","ocean_menu_link_background":"","ocean_menu_link_hover_background":"","ocean_menu_link_active_background":"","ocean_menu_social_links_bg":"","ocean_menu_social_hover_links_bg":"","ocean_menu_social_links_color":"","ocean_menu_social_hover_links_color":"","ocean_disable_title":"on","ocean_disable_heading":"default","ocean_post_title":"","ocean_post_subheading":"","ocean_post_title_style":"","ocean_post_title_background_color":"","ocean_post_title_background":0,"ocean_post_title_bg_image_position":"","ocean_post_title_bg_image_attachment":"","ocean_post_title_bg_image_repeat":"","ocean_post_title_bg_image_size":"","ocean_post_title_height":0,"ocean_post_title_bg_overlay":0.5,"ocean_post_title_bg_overlay_color":"","ocean_disable_breadcrumbs":"default","ocean_breadcrumbs_color":"","ocean_breadcrumbs_separator_color":"","ocean_breadcrumbs_links_color":"","ocean_breadcrumbs_links_hover_color":"","ocean_display_footer_widgets":"off","ocean_display_footer_bottom":"off","ocean_custom_footer_template":"","footnotes":""},"class_list":["post-6","page","type-page","status-publish","hentry","entry"],"_links":{"self":[{"href":"https:\/\/fh-meisterbetrieb.de\/index.php?rest_route=\/wp\/v2\/pages\/6","targetHints":{"allow":["GET"]}}],"collection":[{"href":"https:\/\/fh-meisterbetrieb.de\/index.php?rest_route=\/wp\/v2\/pages"}],"about":[{"href":"https:\/\/fh-meisterbetrieb.de\/index.php?rest_route=\/wp\/v2\/types\/page"}],"author":[{"embeddable":true,"href":"https:\/\/fh-meisterbetrieb.de\/index.php?rest_route=\/wp\/v2\/users\/1"}],"replies":[{"embeddable":true,"href":"https:\/\/fh-meisterbetrieb.de\/index.php?rest_route=%2Fwp%2Fv2%2Fcomments&post=6"}],"version-history":[{"count":203,"href":"https:\/\/fh-meisterbetrieb.de\/index.php?rest_route=\/wp\/v2\/pages\/6\/revisions"}],"predecessor-version":[{"id":540,"href":"https:\/\/fh-meisterbetrieb.de\/index.php?rest_route=\/wp\/v2\/pages\/6\/revisions\/540"}],"wp:attachment":[{"href":"https:\/\/fh-meisterbetrieb.de\/index.php?rest_route=%2Fwp%2Fv2%2Fmedia&parent=6"}],"curies":[{"name":"wp","href":"https:\/\/api.w.org\/{rel}","templated":true}]}}